{"id":706,"date":"2017-09-25T12:12:14","date_gmt":"2017-09-25T12:12:14","guid":{"rendered":"http:\/\/gruene-dieburg.de\/web\/?page_id=706"},"modified":"2023-03-12T08:37:40","modified_gmt":"2023-03-12T08:37:40","slug":"fraktion","status":"publish","type":"page","link":"https:\/\/gruene-dieburg.de\/web\/?page_id=706","title":{"rendered":"Fraktion"},"content":{"rendered":"<table>\n<tbody>\n<tr>\n<td>\nStadtverordnetenfraktion  <span class=\"email\"> <a href=\"mailto:fraktion@gruene-dieburg.de\">Email<\/a> <\/span>\n   <\/td>\n<\/tr>\n<tr>\n<td>\n  <img src=\"http:\/\/gruene-dieburg.de\/kw2021\/bilder\/03_Kerstin_Memminger.jpg\">\n  <\/td>\n<td>Kerstin Memminger  <span class=\"email\"> <a href=\"mailto:kerstin.memminger@gruene-dieburg.de\">Email<\/a> <\/span><br \/>\n   Fraktionsvorsitz  <span class=\"email\"> <a href=\"mailto:fraktionsvorsitz@gruene-dieburg.de\">Email<\/a> <\/span><br \/>\n      <span>Ausschuss f\u00fcr Soziales, Jugend, Kultur und Sport<\/span>\n   <\/td>\n<\/tr>\n<tr>\n<td>\n  <img src=\"http:\/\/gruene-dieburg.de\/kw2021\/bilder\/07_Barbara_Roos.jpg\">\n  <\/td>\n<td>Barbara Roos  <span class=\"email\"> <a href=\"mailto:barbara.roos@gruene-dieburg.de\">Email<\/a> <\/span><br \/>\n   <span>Haupt- und Finanzausschuss<\/span>\n   <\/td>\n<\/tr>\n<tr>\n<td>\n  <img src=\"http:\/\/gruene-dieburg.de\/kw2021\/bilder\/05_Gerhild_Krause.jpg\">\n  <\/td>\n<td>Gerhild Krause  <span class=\"email\"> <a href=\"mailto:gerhild.krause@gruene-dieburg.de\">Email<\/a> <\/span><br \/>\n   <span>Ausschuss f\u00fcr Klimaschutz und Mobilit\u00e4t<\/span>\n   <\/td>\n<\/tr>\n<tr>\n<td>\n  <img src=\"http:\/\/gruene-dieburg.de\/kw2021\/bilder\/01_Helena_Schwassmann.jpg\">\n  <\/td>\n<td>Dr. Helena Schwa\u00dfmann  <span class=\"email\"> <a href=\"mailto:helena.schwassmann@gruene-dieburg.de\">Email<\/a> <\/span><br \/>\n   <span>Ausschuss f\u00fcr Bauen und Infrastruktur<\/span><br \/>\n   <span>Betriebskommission Eigenbetrieb Abwasserbeseitigung<\/span>\n   <\/td>\n<\/tr>\n<tr>\n<td>\n  <img src=\"http:\/\/gruene-dieburg.de\/kw2021\/bilder\/04_Stephan_Weber.jpg\">\n  <\/td>\n<td>Stephan Weber  <span class=\"email\"> <a href=\"mailto:s.weber@gruene-dieburg.de\">Email<\/a> <\/span><br \/>\n   <span>Haupt- und Finanzausschuss<\/span><br \/>\n   <span>Betriebskommission Eigenbetrieb Abwasserbeseitigung<\/span>\n   <\/td>\n<\/tr>\n<tr>\n<td>\n  <img src=\"http:\/\/gruene-dieburg.de\/kw2021\/bilder\/06_Christian_Grau.jpg\">\n  <\/td>\n<td>Christian Grau  <span class=\"email\"> <a href=\"mailto:christian.grau@gruene-dieburg.de\">Email<\/a> <\/span><br \/>\n   <span>Ausschuss f\u00fcr Bauen und Infrastruktur<\/span>\n   <\/td>\n<\/tr>\n<tr>\n<td>\n  <img src=\"http:\/\/gruene-dieburg.de\/kw2021\/bilder\/09_Anna-Maria_Wagener-Rohde.jpg\">\n  <\/td>\n<td>Anna-Maria Wagener-Rhode  <span class=\"email\"> <a href=\"mailto:anna-maria.wagener-rohde@gruene-dieburg.de\">Email<\/a><\/span><br \/>\n   <span>Ausschuss f\u00fcr Klimaschutz und Mobilit\u00e4t<\/span>\n   <\/td>\n<\/tr>\n<tr>\n<td>\n  <img src=\"http:\/\/gruene-dieburg.de\/kw2021\/bilder\/17_Sebastian_Memminger.jpg\">\n  <\/td>\n<td>Sebastian Memminger  <span class=\"email\"> <a href=\"mailto:sebastian.memminger@gruene-dieburg.de\">Email<\/a> <\/span><br \/>\n      <span>Ausschuss f\u00fcr Soziales, Jugend, Kultur und Sport<\/span>\n   <\/td>\n<\/tr>\n<\/tbody>\n<\/table>\n<table>\n<tbody>\n<tr>\n<th colspan=\"2\">Magistrat<\/th>\n<\/tr>\n<tr>\n<td>\n   <img src=\"http:\/\/gruene-dieburg.de\/kw2021\/bilder\/02_Andreas_Will.jpg\">\n  <\/td>\n<td>Andreas Will   <span class=\"email\">  <a href=\"mailto:andreas.will.dieburg@gmail.com\">Email<\/a> <\/span>\n<\/td>\n<\/tr>\n<\/tbody>\n<\/table>\n","protected":false},"excerpt":{"rendered":"<p>Stadtverordnetenfraktion Kerstin Memminger Fraktionsvorsitz Ausschuss f\u00fcr Soziales, Jugend, Kultur und Sport Barbara Roos Haupt- und Finanzausschuss Gerhild Krause Ausschuss f\u00fcr Klimaschutz und Mobilit\u00e4t Dr. Helena Schwa\u00dfmann Ausschuss f\u00fcr Bauen und&#8230; <\/p>\n","protected":false},"author":3,"featured_media":0,"parent":74,"menu_order":0,"comment_status":"closed","ping_status":"closed","template":"","meta":[],"_links":{"self":[{"href":"https:\/\/gruene-dieburg.de\/web\/index.php?rest_route=\/wp\/v2\/pages\/706"}],"collection":[{"href":"https:\/\/gruene-dieburg.de\/web\/index.php?rest_route=\/wp\/v2\/pages"}],"about":[{"href":"https:\/\/gruene-dieburg.de\/web\/index.php?rest_route=\/wp\/v2\/types\/page"}],"author":[{"embeddable":true,"href":"https:\/\/gruene-dieburg.de\/web\/index.php?rest_route=\/wp\/v2\/users\/3"}],"replies":[{"embeddable":true,"href":"https:\/\/gruene-dieburg.de\/web\/index.php?rest_route=%2Fwp%2Fv2%2Fcomments&post=706"}],"version-history":[{"count":10,"href":"https:\/\/gruene-dieburg.de\/web\/index.php?rest_route=\/wp\/v2\/pages\/706\/revisions"}],"predecessor-version":[{"id":2197,"href":"https:\/\/gruene-dieburg.de\/web\/index.php?rest_route=\/wp\/v2\/pages\/706\/revisions\/2197"}],"up":[{"embeddable":true,"href":"https:\/\/gruene-dieburg.de\/web\/index.php?rest_route=\/wp\/v2\/pages\/74"}],"wp:attachment":[{"href":"https:\/\/gruene-dieburg.de\/web\/index.php?rest_route=%2Fwp%2Fv2%2Fmedia&parent=706"}],"curies":[{"name":"wp","href":"https:\/\/api.w.org\/{rel}","templated":true}]}}