{"id":552,"date":"2017-04-14T09:34:40","date_gmt":"2017-04-14T09:34:40","guid":{"rendered":"http:\/\/gruene-dieburg.de\/?page_id=552"},"modified":"2025-10-06T09:41:14","modified_gmt":"2025-10-06T09:41:14","slug":"gruene-antraege","status":"publish","type":"page","link":"https:\/\/gruene-dieburg.de\/web\/?page_id=552","title":{"rendered":"Antr\u00e4ge, Anfragen, Redebeitr\u00e4ge"},"content":{"rendered":"<h4>2025<\/h4>\n<ul>\n<li><a href=\"?page_id=2452\">Rede <\/a> zum Mobilit\u00e4tskonzept Dieburg S\u00fcd<\/li>\n<li><a href=\"?page_id=2441\">Rede <\/a> zum Antrag Baumschutzsatzung<\/li>\n<li><a href=\"?page_id=2439\">Rede <\/a> zum Antrag Wahlalter senken<\/li>\n<li><a href=\"https:\/\/sessionnet.owl-it.de\/dieburg\/bi\/getfile.asp?id=6305340&#038;type=do\">Anfrage<\/a> zur Kinderbetreuung und <a href=\"https:\/\/sessionnet.owl-it.de\/dieburg\/bi\/getfile.asp?id=6305346&#038;type=do\">Antwort<\/a> der Verwaltung<\/li>\n<li><a href=\"http:\/\/gruene-dieburg.de\/fraktion\/antraege\/20250422-antrag_bewohnerparken.pdf\">Antrag <\/a> Bewohnerparken <\/li>\n<li><a href=\"http:\/\/gruene-dieburg.de\/fraktion\/antraege\/20250414_anfrage_beteiligung_jugendbeirat\">Anfrage <\/a> Beteiligung Jugendbeirat<\/li>\n<li><a href=\"http:\/\/gruene-dieburg.de\/fraktion\/antraege\/20250425-anfrage_klaearanlage.pdf\">Anfrage<\/a> Ausbau Kl\u00e4ranlage <\/li>\n<li><a href=\"http:\/\/gruene-dieburg.de\/fraktion\/antraege\/20250925-haushaltsrede.pdf\">Rede<\/a> zum Haushaltsplan 2025\/2026<\/li>\n<\/ul>\n<h4>2024<\/h4>\n<ul>\n<li><a href=\"http:\/\/gruene-dieburg.de\/fraktion\/antraege\/20241219-Redebeitrag_Kitalandschaft.html\">Rede<\/a> zur Kita-Landschaft<\/li>\n<li><a href=\"http:\/\/gruene-dieburg.de\/fraktion\/antraege\/20240418-haushaltsrede.pdf\">Rede<\/a> zum Haushaltsplan 2024<\/li>\n<li><a href=\"http:\/\/gruene-dieburg.de\/fraktion\/antraege\/20240418-haushaltsantrag_klimaschutzfonds.pdf\">Haushaltsantrag<\/a>  Klimaschutzfonds<\/li>\n<\/ul>\n<h4>2023<\/h4>\n<ul>\n<li><a href=\"http:\/\/gruene-dieburg.de\/fraktion\/antraege\/20231113-Redebeitrag_Parltv.pdf\">Redebeitrag<\/a> &#8222;ParlamentsTV&#8220;<\/li>\n<li><a href=\"http:\/\/gruene-dieburg.de\/fraktion\/antraege\/20231113-Redebeitrag_Sportplatz.pdf\">Redebeitrag<\/a> st\u00e4dtischer Sportplatz<\/li>\n<li><a href=\"http:\/\/gruene-dieburg.de\/fraktion\/antraege\/20231113-Redebeitrag_Messeler_Weg.pdf\">Redebeitrag<\/a> Baugebiet Messeler Weg<\/li>\n<li><a href=\"http:\/\/gruene-dieburg.de\/fraktion\/antraege\/20230921-Redebeitrag_Gendern.pdf\">Redebeitrag<\/a> Genderverbot<\/li>\n<li><a href=\"http:\/\/gruene-dieburg.de\/fraktion\/antraege\/20230306-Antrag_Redepult.pdf\">Antrag<\/a> Redepult<\/li>\n<li><a href=\"http:\/\/gruene-dieburg.de\/fraktion\/antraege\/20230306-Anfrage_Livestream.pdf\">Anfrage<\/a> Livestream<\/li>\n<li><a href=\"http:\/\/gruene-dieburg.de\/fraktion\/antraege\/20230504-haushaltsantraege_gruene.pdf\">Haushaltsantr\u00e4ge<\/a><\/li>\n<\/ul>\n<h4>2022<\/h4>\n<ul>\n<li>Rochusgel\u00e4nde\n<ul>\n<li><a href=\"http:\/\/gruene-dieburg.de\/fraktion\/antraege\/20220708-Antrag_Rochus_BI-Ausschuss.pdf\">Antrag<\/a><\/li>\n<li><a href=\"http:\/\/gruene-dieburg.de\/fraktion\/antraege\/20220922_Redebeitrag_Rochus.pdf\">Rede<\/a><\/li>\n<li><a href=\"http:\/\/gruene-dieburg.de\/fraktion\/antraege\/20220922_Redebeitrag_Rochus.pdf\">Stellungnahme<\/a> zur Berichterstattung im Dieburger Anzeiger<\/li>\n<li><a href=\"http:\/\/gruene-dieburg.de\/fraktion\/antraege\/20220930-Nachbetrachtung_Rochus-Areal.pdf\">Nachbetrachtung<\/a> zur Beratung und Abstimmmung <\/li>\n<\/ul>\n<\/li>\n<li><a href=\"http:\/\/gruene-dieburg.de\/fraktion\/antraege\/20221006-anfragen_ KMA.pdf\">Anfragen<\/a> KMA am 6.10.2022<\/li>\n<li><a href=\"http:\/\/gruene-dieburg.de\/fraktion\/antraege\/20220603-antrag-ladestationen.pdf\">Antrag<\/a> Ladestationen<\/li>\n<li><a href=\"http:\/\/gruene-dieburg.de\/fraktion\/antraege\/20220414-anf_deponie.pdf\">Anfrage<\/a> Ehemalige Deponie<\/li>\n<li><a href=\"http:\/\/gruene-dieburg.de\/fraktion\/antraege\/20220210-HHRede_2022.pdf\">Rede<\/a> zum Haushalt 2022 und <a href=\"http:\/\/gruene-dieburg.de\/fraktion\/antraege\/20220210-HHAntraege_2022.pdf\">Antr\u00e4ge<\/a><\/li>\n<\/ul>\n<h4 id=\"20210715\">2021<\/h4>\n<ul>\n<li><a href=\"http:\/\/gruene-dieburg.de\/fraktion\/antraege\/20211022-antrag_auenverbund.pdf\">Antrag<\/a> Auenverbund<\/li>\n<li><a href=\"http:\/\/gruene-dieburg.de\/fraktion\/antraege\/20211118-antrag_exkursion_oekosiedlung .pdf\">Antrag<\/a> Exkursion \u00d6kosiedlung Friedrichsdorf<\/li>\n<li><a href=\"http:\/\/gruene-dieburg.de\/fraktion\/antraege\/20210715-top17_Rede_Messeler_Weg.pdf\">Rede<\/a> zum Baugebiet Messeler Weg<\/li>\n<li><a href=\"http:\/\/gruene-dieburg.de\/fraktion\/antraege\/20210715-top6_Rede-Ausbau_ B45.pdf\">Rede<\/a> zum Ausbau der B45<\/li>\n<li><a href=\"http:\/\/gruene-dieburg.de\/fraktion\/antraege\/20210715-2021_XIX_0166-anf_Umsetzung_Fahrradinfrastruktur_150721.pdf\">Anfrage<\/a> Umsetzung Fahrradinfrastruktur<\/li>\n<ul>\n<li>Die <a href=\"http:\/\/gruene-dieburg.de\/fraktion\/antraege\/20210715-2021_XIX_0166-antw.pdf\">Antwort<\/a> der Verwaltung<\/li>\n<\/ul>\n<li><a href=\"http:\/\/gruene-dieburg.de\/fraktion\/antraege\/20210715-2021_XIX_0165-anf_Anregungs_und_Ereignismelder_150721_1.pdf\">Anfrage<\/a> Anregungs- und Ereignismelder<\/li>\n<ul>\n<li>Die <a href=\"http:\/\/gruene-dieburg.de\/fraktion\/antraege\/20210715-2021_XIX_0165-antw.pdf\">Antwort<\/a> der Verwaltung<\/li>\n<\/ul>\n<li><a href=\"http:\/\/gruene-dieburg.de\/fraktion\/antraege\/20210715-2021_XIX_0163-antrag_Lastenraeder_Abstellanlagen_150721.pdf\">Antrag<\/a> Abstellanlagen Lastenr\u00e4der<\/li>\n<li><a href=\"http:\/\/gruene-dieburg.de\/fraktion\/antraege\/20210715-2021_XIX_0162-antrag_Klimafunktionskarte_150721.pdf\">Antrag<\/a> Klimafunktionskarte<\/li>\n<li><a href=\"http:\/\/gruene-dieburg.de\/fraktion\/antraege\/20210715-2021_XIX_0161-anf_Rettungswege.pdf\">Anfrage<\/a> Rettungswege<\/li>\n<ul>\n<li>Die <a href=\"http:\/\/gruene-dieburg.de\/fraktion\/antraege\/20210715-2021_XIX_0161-antw.pdf\">Antwort<\/a> der Verwaltung<\/li>\n<\/ul>\n<li><a href=\"http:\/\/gruene-dieburg.de\/fraktion\/antraege\/20210715-2021_XIX_0098-anf_Aufzuege_Bahnhof.pdf\">Anfrage<\/a> Aufz\u00fcge am Bahnhof<\/li>\n<ul>\n<li>Die <a href=\"http:\/\/gruene-dieburg.de\/fraktion\/antraege\/20210715-2021_XIX_0098-antw.pdf\">Antwort<\/a> der Verwaltung<\/li>\n<\/ul>\n<li><a href=\"http:\/\/gruene-dieburg.de\/fraktion\/antraege\/20210225_antrag_klimaschutzmasznahmen.pdf\">Antrag<\/a> Klimaschutzma\u00dfnahmen<\/li>\n<\/ul>\n<h4>2020<\/h4>\n<ul>\n<li><a href=\"http:\/\/gruene-dieburg.de\/fraktion\/antraege\/20200114-Antrag_Fahrradstrasze.pdf\">Antrag<\/a>  Verbesserung und Sicherung der Verkehrsabl\u00e4ufe in der Dieburger \u201eFahrradstra\u00dfe\u201c mit <a href=\"http:\/\/gruene-dieburg.de\/fraktion\/antraege\/20200114-Anlage_Antrag_Fahrradstrasze.pdf\">Anlage<\/a><\/li>\n<li><a href=\"http:\/\/gruene-dieburg.de\/fraktion\/antraege\/20200114-antrag_kreishaus.pdf\">Antrag<\/a> Standort Kreishaus in Dieburg<\/li>\n<li><a href=\"http:\/\/gruene-dieburg.de\/fraktion\/antraege\/20200720-antrag_integrationskonzept.pdf\">Antrag<\/a> Integrationskonzept<\/li>\n<\/ul>\n<h4>2019<\/h4>\n<ul>\n<li><a href=\"http:\/\/gruene-dieburg.de\/fraktion\/antraege\/20190624-Antrag_Radverkehr.pdf\">Antrag<\/a> Verbesserung der Fahrradfreundlichkeit mit <a href=\"http:\/\/gruene-dieburg.de\/fraktion\/antraege\/20190624-Anlage_Antrag_Radkonzept_2019.pdf\">Anlage<\/a><\/li>\n<li><a href=\"http:\/\/gruene-dieburg.de\/fraktion\/antraege\/20190912-anfrage_ausgleichsflaechen.pdf\">Anfrage<\/a> Ausgleichsfl\u00e4chen<\/li>\n<li><a href=\"http:\/\/gruene-dieburg.de\/fraktion\/antraege\/20190221-HHRede.pdf\">Rede<\/a> zum Haushalt 2019 und <a href=\"http:\/\/gruene-dieburg.de\/fraktion\/antraege\/20190221-HHAntraege.pdf\">Antr\u00e4ge<\/a><\/li>\n<\/ul>\n<h4>2018<\/h4>\n<ul>\n<li><a href=\"http:\/\/gruene-dieburg.de\/fraktion\/antraege\/20180218-antrag-bplan-dieburgsued.pdf\">Antrag<\/a> Bplan Dieburg S\u00fcd klimafreundlich<\/li>\n<li><a href=\"http:\/\/gruene-dieburg.de\/fraktion\/antraege\/20180419-antrag-pvdeponie.pdf\">Antrag<\/a> Photovoltaik auf dem Deponiegel\u00e4nde<\/li>\n<\/ul>\n<h4>2017<\/h4>\n<ul>\n<li><a href=\"http:\/\/gruene-dieburg.de\/fraktion\/antraege\/Anfrage_Foerderprogramme.pdf\">Anfrage<\/a> F\u00f6rderprogramme<\/li>\n<li><a href=\"http:\/\/gruene-dieburg.de\/fraktion\/antraege\/Antrag-Spielplatzkonzept.pdf\">Antrag<\/a> Spielplatzkonzept<\/li>\n<li><a href=\"http:\/\/gruene-dieburg.de\/fraktion\/antraege\/Antrag-Waldkindergartengruppe.pdf\"> Antrag<\/a> Waldkindergartengruppe<\/li>\n<li><a href=\"http:\/\/gruene-dieburg.de\/fraktion\/antraege\/Anfrage_Jobticket.pdf\">Anfrage<\/a> Jobticket<\/li>\n<li><a href=\"http:\/\/gruene-dieburg.de\/fraktion\/antraege\/Antrag_HaltestellePost.pdf\">Antrag<\/a> Haltestelle Schlossgarten<\/li>\n<li><a href=\"http:\/\/gruene-dieburg.de\/fraktion\/antraege\/Antrag_Wohnungsbau.pdf\">Antrag<\/a> Wohnungsbau<\/li>\n<\/ul>\n<h4>2016<\/h4>\n<ul>\n<li>Antr\u00e4ge zum Haushalt 2016 <a href=\"http:\/\/gruene-dieburg.de\/fraktion\/antraege\/hhantraege.pdf\">1<\/a> und <a href=\"http:\/\/gruene-dieburg.de\/fraktion\/antraege\/hhantr-maggi.pdf\">2<\/a><\/li>\n<li><a href=\"http:\/\/gruene-dieburg.de\/fraktion\/antraege\/2016_XVII-2544_anfr-kita.pdf\">Anfrage<\/a> Kindertagesst\u00e4tten\n<ul>\n<li>Die <a href=\"http:\/\/gruene-dieburg.de\/fraktion\/antraege\/2016_XVII-2544_ant.pdf\">Antwort<\/a> der Verwaltung<\/li>\n<\/ul>\n<\/li>\n<li><a href=\"http:\/\/gruene-dieburg.de\/fraktion\/antraege\/Antrag_BuergerInnenfragestunde-2016.pdf\">Antrag<\/a> B\u00fcrgerInnenfragestunde<\/li>\n<\/ul>\n<h4>2015<\/h4>\n<ul>\n<li><a href=\"http:\/\/gruene-dieburg.de\/fraktion\/antraege\/SCMF30-1150413070300.pdf\">Antrag<\/a> Zus\u00e4tzliche Verkehrssicherheitsma\u00dfnahmen Hinter der Schie\u00dfmauer<\/li>\n<li><a href=\"http:\/\/gruene-dieburg.de\/fraktion\/antraege\/Antrag_Stadtleitbild.pdf\">Antrag<\/a> Leitbildprozess &#8211; Bericht der Paten<\/li>\n<li><a href=\"http:\/\/gruene-dieburg.de\/fraktion\/antraege\/Antrag_straszenbegleitgruen.pdf\">Antrag<\/a>Stra\u00dfenbegleitgr\u00fcn<\/li>\n<li><a href=\"http:\/\/gruene-dieburg.de\/fraktion\/antraege\/anf-crazymary.htm\">Anfrage<\/a> Radverkehr Marienstra\u00dfe<\/li>\n<li><a href=\"http:\/\/gruene-dieburg.de\/fraktion\/antraege\/anf-radforst.htm\">Anfrage<\/a> Radweg Forst<\/li>\n<li><a href=\"http:\/\/gruene-dieburg.de\/fraktion\/antraege\/ohrenanfrage-schlogag.htm\">Anfrage<\/a>  Kleingartengel\u00e4nde &#8222;Neben der Gersprenz&#8220;\n<ul>\n<li>Die <a href=\"http:\/\/gruene-dieburg.de\/fraktion\/antraege\/2015_XVII-2476_schlogaga.pdf\">Antwort<\/a> der Verwaltung<\/li>\n<\/ul>\n<\/li>\n<li><a href=\"http:\/\/gruene-dieburg.de\/fraktion\/antraege\/anfrage-umst-schutzstreifen.htm\">Anfrage<\/a> Fahrradschutzstreifen Gro\u00df-Umst\u00e4dter Stra\u00dfe\n<ul>\n<li>Die <a href=\"http:\/\/gruene-dieburg.de\/fraktion\/antraege\/2015_XVII-2506_umst-schutzstreifen.pdf\">Antwort<\/a> der Verwaltung<\/li>\n<\/ul>\n<\/li>\n<\/ul>\n<h4>2014<\/h4>\n<ul>\n<li><a title=\"sprechstunde\" href=\"http:\/\/gruene-dieburg.de\/fraktion\/antraege\/Antrag_BuergerInnenfragestunde.pdf\">Antrag<\/a> Einrichtung einer B\u00fcrgerInnenfragestunde<\/li>\n<\/ul>\n<h3>Kommunalpolitische <a href=\"?page_id=1134\">Infos<\/a><\/h3>\n","protected":false},"excerpt":{"rendered":"<p>2025 Rede zum Mobilit\u00e4tskonzept Dieburg S\u00fcd Rede zum Antrag Baumschutzsatzung Rede zum Antrag Wahlalter senken Anfrage zur Kinderbetreuung und Antwort der Verwaltung Antrag Bewohnerparken Anfrage Beteiligung Jugendbeirat Anfrage Ausbau Kl\u00e4ranlage&#8230; <\/p>\n","protected":false},"author":3,"featured_media":0,"parent":0,"menu_order":0,"comment_status":"closed","ping_status":"closed","template":"","meta":[],"_links":{"self":[{"href":"https:\/\/gruene-dieburg.de\/web\/index.php?rest_route=\/wp\/v2\/pages\/552"}],"collection":[{"href":"https:\/\/gruene-dieburg.de\/web\/index.php?rest_route=\/wp\/v2\/pages"}],"about":[{"href":"https:\/\/gruene-dieburg.de\/web\/index.php?rest_route=\/wp\/v2\/types\/page"}],"author":[{"embeddable":true,"href":"https:\/\/gruene-dieburg.de\/web\/index.php?rest_route=\/wp\/v2\/users\/3"}],"replies":[{"embeddable":true,"href":"https:\/\/gruene-dieburg.de\/web\/index.php?rest_route=%2Fwp%2Fv2%2Fcomments&post=552"}],"version-history":[{"count":11,"href":"https:\/\/gruene-dieburg.de\/web\/index.php?rest_route=\/wp\/v2\/pages\/552\/revisions"}],"predecessor-version":[{"id":2458,"href":"https:\/\/gruene-dieburg.de\/web\/index.php?rest_route=\/wp\/v2\/pages\/552\/revisions\/2458"}],"wp:attachment":[{"href":"https:\/\/gruene-dieburg.de\/web\/index.php?rest_route=%2Fwp%2Fv2%2Fmedia&parent=552"}],"curies":[{"name":"wp","href":"https:\/\/api.w.org\/{rel}","templated":true}]}}