{"id":2441,"date":"2025-06-29T13:48:10","date_gmt":"2025-06-29T13:48:10","guid":{"rendered":"https:\/\/gruene-dieburg.de\/web\/?page_id=2441"},"modified":"2025-06-29T13:48:10","modified_gmt":"2025-06-29T13:48:10","slug":"erlass-einer-baumschutzsatzung-fuer-die-stadt-dieburg","status":"publish","type":"page","link":"https:\/\/gruene-dieburg.de\/web\/?page_id=2441","title":{"rendered":"Erlass einer Baumschutzsatzung f\u00fcr die Stadt Dieburg"},"content":{"rendered":"<p>Dieser Antrag wurde von der Mehrheit der Stadtverordneten abgelehnt, weil er die Gefahr birgt, dass B\u00e4ume vor Inkrafttreten einer Satzung extra gef\u00e4llt werden, weil er in die pers\u00f6nliche Freiheit eingreift, zu viel reguliert und Verst\u00f6\u00dfe aus personellen Gr\u00fcnden nicht geahndet werden k\u00f6nnten!<\/p>\n<p>Redebeitrag  von Annelie Wagener-Rhode zur Stavo am 26.6.2025<\/p>\n<p>Begr\u00fcndung:<\/p>\n<p>B\u00e4ume sind wesentliche Bestandteile unseres st\u00e4dtischen \u00d6kosystems. Sie erf\u00fcllen zahlreiche wichtige Funktionen, indem sie Sauerstoff produzieren und  gleichzeitig das Treibhausgas Kohlenstoffdioxid binden. Sie filtern als \u201egr\u00fcne Lunge\u201c Staub, spenden Schatten, stellen Lebensr\u00e4ume und Nahrungsquellen  f\u00fcr Mensch und Tier dar, und tragen somit ma\u00dfgeblich zur Verbesserung des Stadtklimas und damit unser aller Lebensqualit\u00e4t bei. Die Pflanzaktion der Platanenreihe auf dem Dieburger Marktplatz hat schon ihren Erfolg gezeigt: Sowohl Passanten, als auch Caf\u00e9g\u00e4ste sch\u00e4tzen die schattenspendende und k\u00fchlende Wirkung der B\u00e4ume.<br \/>\n Auf der st\u00e4dtischen Ideenplattform, inzwischen `Dialogbox` genannt, wurde bereits vor 2 Jahren ein Vorschlag einer Baumschutzsatzung von zahlreichen B\u00fcrgerinnen und B\u00fcrger unterst\u00fctzt. Leider hat der Magistrat einem daraufhin vorgelegten Satzungsentwurf der Verwaltung nicht zugestimmt, was von B\u00fcrgermeister Haus im Dieburger Anzeiger wie folgt kommentiert wurde:<br \/>\nDer Magistrat habe im satzungslosen Zustand kein gro\u00dfes Problem gesehen, und, Zitat: \u201ewir haben als Stadt auch andere Anreize, um Naturr\u00e4ume zu erhalten\u201c.<br \/>\nDiese \u00c4u\u00dferung bedarf unserer Meinung nach noch einer genaueren Erl\u00e4uterung.<br \/>\nInsbesondere nach den sogenannten Verj\u00fcngungsma\u00dfnahmen &#8211; einem radikalen Baumschnitt einiger alten Laubb\u00e4ume auf dem Au\u00dfengel\u00e4nde der Wallfahrtskirche, welcher bei vielen Dieburger B\u00fcrgerinnen und B\u00fcrgern f\u00fcr Gespr\u00e4chsstoff und Unverst\u00e4ndnis gesorgt hat.<\/p>\n<p>Wie machen es andere St\u00e4dte?<br \/>\nIm \u00a7 1 Geltungsbereich der Satzung zum Schutz des Baumbestandes in der Wissenschaftsstadt Darmstadt werden unter Punkt (1) folgende Punkte aufgef\u00fchrt:<\/p>\n<p>&#8211;  Erhaltung und nachhaltige Sicherung der nat\u00fcrlichen Lebensgrundlage f\u00fcr die Einwohner \u2013-  Belebung, Gliederung und Pflege des Stadtbildes<br \/>\n&#8211;  Sicherung der Leistungsf\u00e4higkeit des Naturhaushaltes<br \/>\n&#8211;  Erhaltung und Verbesserung des Stadtklimas und der klimatischen Verh\u00e4ltnisse<br \/>\n&#8211;  Abwehr sch\u00e4dlicher Umwelteinwirkungen, z.B. Luftverunreinigungen und L\u00e4rm<br \/>\n&#8211;  Erhaltung eines artenreichen Pflanzenbestandes<br \/>\n&#8211;  Erhaltung eines Lebensraumes f\u00fcr Tiere und<br \/>\n&#8211;  Erhaltung von Zonen zur Ruhe und Erholung<\/p>\n<p>Sollten die sog. Verj\u00fcngungsma\u00dfnahmen hinter der Gnadenkapelle auf einer Ausnahmeregelung beruhen, h\u00e4tte diese nach \u00a7 (2) der o.g. Satzung nach einer innerst\u00e4dtischen Dienstanweisung gehandhabt  werden m\u00fcssen. <\/p>\n<p>Auch, wenn sich Dieburg als Kleinstadt nicht mit der Gesetzeslage in Darmstadt vergleichen  bzw. messen kann, so sind die \u00f6kologischen Parameter doch die gleichen und es w\u00e4re nur folgerichtig, sich diesen durchdachten Ma\u00dfnahmen anzuschlie\u00dfen.<br \/>\nDer fortschreitende Klimawandel und die zunehmenden Hitzeperioden betreffen uns alle und haben uns dazu bewegt, erneut eine Beschlussvorlage f\u00fcr einen Erlass einer Baumschutzsatzung einzureichen.<\/p>\n<p>W\u00e4hrend B\u00e4ume auf \u00f6ffentlichen Fl\u00e4chen bereits einem gewissen Schutz unterliegen, fehlt bislang eine verbindliche Regelung f\u00fcr B\u00e4ume auf Privatgrundst\u00fccken. Eine Baumschutzsatzung w\u00fcrde diese L\u00fccke schlie\u00dfen und sicherstellen, dass auch private Baumbest\u00e4nde zum Wohle aller erhalten bleiben.<br \/>\nDiese Satzung soll keine unverh\u00e4ltnism\u00e4\u00dfige Einschr\u00e4nkung f\u00fcr Grundst\u00fccks-eigent\u00fcmer darstellen.<br \/>\nVielmehr soll sie ein ausgewogenes Interesse am Erhalt unseres Baum-bestandes schaffen. Bei unvermeidbaren F\u00e4llungen sollen Ersatzpflanzungen sicherstellen, dass der \u00f6kologische Wert langfristig erhalten bleibt.<br \/>\nMit einer Baumschutzsatzung kann die Stadt Dieburg einen wichtigen Beitrag zum lokalen Klimaschutz leisten und die Lebensqualit\u00e4t f\u00fcr alle B\u00fcrgerinnen und B\u00fcrger nachhaltig verbessern.<\/p>\n","protected":false},"excerpt":{"rendered":"<p>Dieser Antrag wurde von der Mehrheit der Stadtverordneten abgelehnt, weil er die Gefahr birgt, dass B\u00e4ume vor Inkrafttreten einer Satzung extra gef\u00e4llt werden, weil er in die pers\u00f6nliche Freiheit eingreift,&#8230; <\/p>\n","protected":false},"author":8,"featured_media":0,"parent":552,"menu_order":0,"comment_status":"closed","ping_status":"closed","template":"","meta":[],"_links":{"self":[{"href":"https:\/\/gruene-dieburg.de\/web\/index.php?rest_route=\/wp\/v2\/pages\/2441"}],"collection":[{"href":"https:\/\/gruene-dieburg.de\/web\/index.php?rest_route=\/wp\/v2\/pages"}],"about":[{"href":"https:\/\/gruene-dieburg.de\/web\/index.php?rest_route=\/wp\/v2\/types\/page"}],"author":[{"embeddable":true,"href":"https:\/\/gruene-dieburg.de\/web\/index.php?rest_route=\/wp\/v2\/users\/8"}],"replies":[{"embeddable":true,"href":"https:\/\/gruene-dieburg.de\/web\/index.php?rest_route=%2Fwp%2Fv2%2Fcomments&post=2441"}],"version-history":[{"count":2,"href":"https:\/\/gruene-dieburg.de\/web\/index.php?rest_route=\/wp\/v2\/pages\/2441\/revisions"}],"predecessor-version":[{"id":2443,"href":"https:\/\/gruene-dieburg.de\/web\/index.php?rest_route=\/wp\/v2\/pages\/2441\/revisions\/2443"}],"up":[{"embeddable":true,"href":"https:\/\/gruene-dieburg.de\/web\/index.php?rest_route=\/wp\/v2\/pages\/552"}],"wp:attachment":[{"href":"https:\/\/gruene-dieburg.de\/web\/index.php?rest_route=%2Fwp%2Fv2%2Fmedia&parent=2441"}],"curies":[{"name":"wp","href":"https:\/\/api.w.org\/{rel}","templated":true}]}}