{"id":1134,"date":"2019-12-07T18:36:52","date_gmt":"2019-12-07T18:36:52","guid":{"rendered":"http:\/\/gruene-dieburg.de\/web\/?page_id=1134"},"modified":"2025-01-24T15:41:52","modified_gmt":"2025-01-24T15:41:52","slug":"infos","status":"publish","type":"page","link":"https:\/\/gruene-dieburg.de\/web\/?page_id=1134","title":{"rendered":"Informationen"},"content":{"rendered":"<h1><a href=\"https:\/\/www.hlnug.de\/?id=9438\" target=_blank\" rel=\"noopener noreferrer\">Klimawandel<\/a><\/h1>\n<ul>\n<li>\n<a href=\"http:\/\/atlas.umwelt.hessen.de\/servlet\/Frame\/atlas\/klima\/inhalt-klima.htm\" target=\"_blank\" rel=\"noopener noreferrer\">Umweltatlas Hessen<\/a>\n<\/li>\n<li>\n<a href=\"https:\/\/www.hlnug.de\/?id=10236\" target=\"_blank\" rel=\"noopener noreferrer\">KLIMAPRAX Stadtklima<\/a> &#8211; Abk\u00fchlung f\u00fcr hei\u00dfe St\u00e4dte<br \/>\n<a href=\"https:\/\/www.hlnug.de\/fileadmin\/dokumente\/klima\/klimprax\/Leitfaden_klimprax.pdf\">Leitfaden<\/a> Anforderungen an die Ber\u00fccksichtigung klimarelevanter Belange in kommunalen Planungsprozessen\n<\/li>\n<\/ul>\n<h2>Bauen und Wohnen<\/h2>\n<ul>\n<li>\n<a href=\"https:\/\/www.gruene-bundestag.de\/themen\/bauen-wohnen-stadtentwicklung\/wohnen-muss-fuer-alle-bezahlbar-werden\" target=\"_blank\" rel=\"noopener noreferrer\">Bezahlbares Wohnen f\u00fcr alle<\/a>\n<\/li>\n<\/ul>\n<h1>Mobilit\u00e4t<\/h1>\n<h2>Allgemein<\/h2>\n<ul>\n<li>\n<a href=\"https:\/\/www.boell.de\/de\/mobilitaetsatlas\" rel=\"noopener noreferrer\" target=\"_blank\">Mobilit\u00e4tsatlas 2019<\/a> der Heinrich-B\u00f6ll-Stiftung und des VCD.<br \/>\nDaten und Fakten zur Verkehrswende. Der Mobilit\u00e4tsatlas umfasst in 19 Beitr\u00e4gen die wichtigsten Handlungsfelder und L\u00f6sungsans\u00e4tze f\u00fcr sichere, zuverl\u00e4ssige und klimafreundliche Mobilit\u00e4t. Verst\u00e4ndlich geschrieben und mit vielen Infografiken.\n<\/li>\n<li><a href=\"https:\/\/www.dadina.de\/nahverkehrsplan\/nahverkehrsplan-2019-2024\/\" rel=\"noopener noreferrer\" target=\"_blank\">Nahverkehrsplan 2019\u20132024<\/a> der Stadt Darmstadt und des Landkreises Darmstadt-Dieburg.<\/li>\n<li><a href=\"https:\/\/www.vcd.org\/artikel\/vcd-startet-projekt-verkehrswende-klimavertraeglich-und-sozial-gerecht\/\" rel=\"noopener noreferrer\" target=\"_blank\">Verkehrswende: klimavertraeglich und sozial gerecht<\/a><\/li>\n<ul>\n<li><a href=\"https:\/\/www.vcd.org\/fileadmin\/user_upload\/Redaktion\/Themen\/Verkehrswende_sozial\/FactSheet_Was_kostet_uns_der_Verkehr.pdf\" rel=\"noopener noreferrer\" target=\"_blank\">Was kostet uns der Verkehr wirklich?<\/a><br \/>\nVCD Fact Sheet zu den externen Kosten des Verkehrs, dem reellen Preis von Autobesitz und zur Kostenbelastung der umweltfreundlichen Bahn.<\/li>\n<\/ul>\n<\/li>\n<li><a href=\"http:\/\/gruene-dieburg.de\/download\/verkehr\/20201130-Blees-Mobilitaet-im-laendlichen-Raum.pdf\">Mobilit\u00e4t im l\u00e4ndlichen Raum<\/a><\/li>\n<li><a href=\"http:\/\/gruene-dieburg.de\/download\/verkehr\/20210118-Blees-Verkehrsfinanzierung.pdf\">Finanzierung von Verkehrsinfrastruktur und Mobilit\u00e4tsangeboten<\/a><\/li>\n<li><a href=\"http:\/\/gruene-dieburg.de\/download\/verkehr\/20210209-Lohmeier_Nahmobilitaet_foerdern.pdf\">Nahmobilit\u00e4t f\u00f6rdern &#8211; per Fu\u00df und Rad zur Mobilit\u00e4tswende<\/a><\/li>\n<\/ul>\n<h2>Radverkehr<\/h2>\n<ul>\n<li><a href=\"\/download\/radverkehr\/20190227-AK_Radverkehr.pdf\">Radverkehr in Dieburg, Konzeptvorschl\u00e4ge<\/a><\/li>\n<li><a href=\"https:\/\/www.rund-ums-rad.info\/verkehrsrecht-2-radfahrstreifen-und-schutzstreifen\/\">Radfahrstreifen und Schutzstreifen<\/a><\/li>\n<\/ul>\n<h2>\u00d6ffentlicher Raum<\/h2>\n<ul>\n<li><a href=\"https:\/\/wegerecht.org\/seminar\/\" rel=\"noopener\" target=\"_blank\">Methoden der Gehwegbefreiung<\/a>\n<li><a href=\"https:\/\/www.agora-verkehrswende.de\/\" target=\"_blank\" rel=\"noopener noreferrer\">Agora Verkehrswende<\/a>\n<ul>\n<li><a href=\"https:\/\/www.agora-verkehrswende.de\/fileadmin\/Projekte\/2018\/OEffentlicher_Raum_ist_mehr_wert\/Agora_Verkehrswende_Rechtsgutachten_oeffentlicher_Raum.pdf\" target=\"_blank\" rel=\"noopener noreferrer\">\u00d6ffentlicher Raum ist mehr wert<\/a> &#8211; Ein Rechtsgutachten zu den Handlungsspielr\u00e4umen in Kommunen.<\/li>\n<li><a href=\"https:\/\/www.agora-verkehrswende.de\/veroeffentlichungen\/parkraummanagement-lohnt-sich\/\" target=\"_blank\" rel=\"noopener noreferrer\">Parkraummanagement lohnt sich!<\/a> Leitfaden f\u00fcr Kommunikation und Verwaltungspraxis.<\/li>\n<\/ul>\n<\/li>\n<li>Ruhenden Verkehr planen, steuern, bewirtschaften \u2013 Parkraummanagement als Instrument der Verkehrswende &#8211; <a href=\"http:\/\/gruene-dieburg.de\/download\/verkehr\/20200514-Blees-Webinar_Parken_Teil1.pdf\">Teil 1<\/a> und <a href=\"http:\/\/gruene-dieburg.de\/download\/verkehr\/20200602-Blees-Webinar_Parken_Teil2.pdf\">Teil 2<\/a><\/li>\n<li>\nEffektiv steuern mit der Stellplatzsatzung?<\/p>\n<ul>\n<li><a href=\"http:\/\/gruene-dieburg.de\/download\/stellplatzsatzung-20100430\/1-aktuelle_trends_im_mobilitaetsverhalten.pdf\">Aktuelle Trends im Mobilit\u00e4tsverhalten<\/a><\/li>\n<li><a href=\"http:\/\/gruene-dieburg.de\/download\/stellplatzsatzung-20100430\/2-auswirkungen_stellplatzbaupflicht.pdf\">Auswirkungen Stellplatzbaupflicht<\/a><\/li>\n<li><a href=\"http:\/\/gruene-dieburg.de\/download\/stellplatzsatzung-20100430\/2a-rationale_parkstandsbereitstellung.pdf\">Rationale Parkstandsbereitstellung<\/a><\/li>\n<li><a href=\"http:\/\/gruene-dieburg.de\/download\/stellplatzsatzung-20100430\/2b-the_high_costs_of_free_parking.pdf\">The high costs of free parking<\/a><\/li>\n<li><a href=\"http:\/\/gruene-dieburg.de\/download\/stellplatzsatzung-20100430\/3-auswirkungen_sozialwohnungsbau.pdf\">Auswirkungen Sozialwohnungsbau<\/a><\/li>\n<li><a href=\"http:\/\/gruene-dieburg.de\/download\/stellplatzsatzung-20100430\/4-der_berliner_weg.pdf\">Der Berliner Weg<\/a><\/li>\n<li><a href=\"http:\/\/gruene-dieburg.de\/download\/stellplatzsatzung-20100430\/5-fahrradabstellplatzpflicht.pdf\">Fahrradabstellplatzpflicht<\/a><\/li>\n<li><a href=\"http:\/\/gruene-dieburg.de\/download\/stellplatzsatzung-20100430\/6-fahrradparken.pdf\">Fahrradparken<\/a><\/li>\n<li><a href=\"http:\/\/gruene-dieburg.de\/download\/stellplatzsatzung-20100430\/7-fahrradparken_muenster.pdf\">Fahrradparken Muenster<\/a><\/li>\n<li><a href=\"http:\/\/gruene-dieburg.de\/download\/stellplatzsatzung-20100430\/0-dokumentation_der_vortraege.pdf\">Dokumentation der Vortr\u00e4ge<\/a><\/li>\n<li><a href=\"http:\/\/gruene-dieburg.de\/download\/stellplatzsatzung-20100430\/SteuerungsinstrumentStellplatzbaupflicht-FWeidner.pdf\">Stellplatzbaupflicht\u00a0als\u00a0Steuerungsinstrument<\/a><\/li>\n<li><a href=\"https:\/\/de.wikipedia.org\/wiki\/Stellplatzverordnung\">Wikipedia Stellplatzverordnung<\/a><\/li>\n<\/ul>\n<\/li>\n<\/ul>\n<h1>Kommunalpolitik<\/h1>\n<ul>\n<li>\n<a href=\"http:\/\/gruene-dieburg.de\/download\/2011-kommunalpolitik_bauplanungsrecht.pdf\" target=\"_blank\" rel=\"noopener noreferrer\">Einf\u00fchrung in die Kommunalpolitik \u2013 Bau- und Planungsrecht<\/a>\n<\/li>\n<li>\n<a href=\"https:\/\/rim.ekom21.de\/rp-darmstadt\/vorgang\/?__=UGhVM0hpd2NXNFdFcExjZcQdz8IF7EUFsbX-eZe6OHg\" rel=\"noopener\" target=\"_blank\">Entwurf Regionalplan S\u00fcdhessen<\/a> &#8211; Darmstadt-Dieburg betreffen die Dateien 1-4, 7 sowie 70.<br \/>\n<a href=\"http:\/\/gruene-dieburg.de\/download\/infos\/20250121-Regionalplan-GrueneDieburg.pdf\">Erl\u00e4uterungen<\/a> zum Regionalplan und zur Regionalversammlung\n<\/li>\n<\/ul>\n","protected":false},"excerpt":{"rendered":"","protected":false},"author":3,"featured_media":0,"parent":552,"menu_order":0,"comment_status":"closed","ping_status":"closed","template":"","meta":[],"_links":{"self":[{"href":"https:\/\/gruene-dieburg.de\/web\/index.php?rest_route=\/wp\/v2\/pages\/1134"}],"collection":[{"href":"https:\/\/gruene-dieburg.de\/web\/index.php?rest_route=\/wp\/v2\/pages"}],"about":[{"href":"https:\/\/gruene-dieburg.de\/web\/index.php?rest_route=\/wp\/v2\/types\/page"}],"author":[{"embeddable":true,"href":"https:\/\/gruene-dieburg.de\/web\/index.php?rest_route=\/wp\/v2\/users\/3"}],"replies":[{"embeddable":true,"href":"https:\/\/gruene-dieburg.de\/web\/index.php?rest_route=%2Fwp%2Fv2%2Fcomments&post=1134"}],"version-history":[{"count":10,"href":"https:\/\/gruene-dieburg.de\/web\/index.php?rest_route=\/wp\/v2\/pages\/1134\/revisions"}],"predecessor-version":[{"id":2381,"href":"https:\/\/gruene-dieburg.de\/web\/index.php?rest_route=\/wp\/v2\/pages\/1134\/revisions\/2381"}],"up":[{"embeddable":true,"href":"https:\/\/gruene-dieburg.de\/web\/index.php?rest_route=\/wp\/v2\/pages\/552"}],"wp:attachment":[{"href":"https:\/\/gruene-dieburg.de\/web\/index.php?rest_route=%2Fwp%2Fv2%2Fmedia&parent=1134"}],"curies":[{"name":"wp","href":"https:\/\/api.w.org\/{rel}","templated":true}]}}